{"id":5,"date":"2022-07-24T11:54:55","date_gmt":"2022-07-24T09:54:55","guid":{"rendered":"http:\/\/choixvital.fr\/?page_id=5"},"modified":"2022-12-05T17:00:12","modified_gmt":"2022-12-05T16:00:12","slug":"choix-vital-parole-cancer","status":"publish","type":"page","link":"https:\/\/choixvital.fr\/","title":{"rendered":"index"},"content":{"rendered":"<div class=\"wp-block-image\">\n<figure class=\"aligncenter size-full is-resized\"><img loading=\"lazy\" decoding=\"async\" src=\"https:\/\/choixvital.fr\/wp-content\/uploads\/2022\/12\/page-en-construction.png\" alt=\"\" class=\"wp-image-82\" width=\"367\" height=\"224\" srcset=\"https:\/\/choixvital.fr\/wp-content\/uploads\/2022\/12\/page-en-construction.png 854w, https:\/\/choixvital.fr\/wp-content\/uploads\/2022\/12\/page-en-construction-300x183.png 300w, https:\/\/choixvital.fr\/wp-content\/uploads\/2022\/12\/page-en-construction-768x468.png 768w\" sizes=\"auto, (max-width: 367px) 100vw, 367px\" \/><\/figure>\n<\/div>\n\n\n<article id=\"post-1734\" class=\"post-1734 page type-page status-publish has-post-thumbnail hentry\">\n\t\t<header class=\"entry-header\">\n\t\t\t\t\t\t\t\t\t\n\t\t<div class=\"entry-content\"> \n\t\t\t\n<p>Des groupes anim\u00e9s par des m\u00e9decins canc\u00e9rologues pour qui les mots \nvrais et l\u2019\u00e9coute attentive sont autant que les m\u00e9decins, les voies \nindispensables du mieux vivre et de la r\u00e9mission.<\/p>\n<p>La force de la parole : A nous tous de faire vivre ce devoir de \nparole. La parole non dite et ses cons\u00e9quences. La parole retrouv\u00e9e et \nses effets r\u00e9parateurs.<\/p>\n<p><\/p>\n<h4 id=\"h-docteur-jean-louis-guillet-pr-sident-de-choix-vital-parole-et-cancer\">Docteur Jean Louis GUILLET, Pr\u00e9sident de Choix Vital : Parole et Cancer<\/h4>\n\n\n\n<figure class=\"wp-block-image size-full is-resized\"><img loading=\"lazy\" decoding=\"async\" src=\"http:\/\/choixvital.fr\/wp-content\/uploads\/2022\/07\/IMG_3873.jpg\" alt=\"\" class=\"wp-image-40\" width=\"136\" height=\"136\"\/><\/figure>\n\n\n\n<div class=\"wp-block-columns is-layout-flex wp-container-core-columns-is-layout-9d6595d7 wp-block-columns-is-layout-flex\">\n<div class=\"wp-block-column is-layout-flow wp-block-column-is-layout-flow\" style=\"flex-basis:100%\">\n<article id=\"post-1734\" class=\"post-1734 page type-page status-publish has-post-thumbnail hentry\">\n\t\t<header class=\"entry-header\">\n\t\t\t\t\t\t\t\t\t\n\n\t\t<div class=\"entry-content\"> \n\t\n<p class=\"has-gray-background-color has-background has-normal-font-size\"><em>Lieu d\u2019\u00e9coute et de partage, un endroit o\u00f9 chacun,<strong> malade<\/strong> <font color=\"#E2091F\">ou<\/font> <strong>accompagnant<\/strong>, <strong>malade <\/strong> <font color=\"#E2091F\">et<\/font> <strong>accompagnant<\/strong>, peut venir raconter ses peurs et ses espoirs.<\/em><\/p>\n\n\n\n<p class=\"has-gray-background-color has-background has-normal-font-size\"><br><em>Juste\n le besoin d\u2019\u00eatre ensemble et ne plus se sentir seul face \u00e0 la maladie, \naux traitements souvent inqui\u00e9tants, partager avec d\u2019anciens patients, \npartager avec certains m\u00e9decins, pour qui l\u2019\u00e9coute et les explications \nne sont jamais de trop.<\/em><\/p>\n\n\n\n<p class=\"has-gray-background-color has-background has-normal-font-size\"><em>Les\n b\u00e9n\u00e9voles de l\u2019association auront \u00e0 c\u0153ur et enthousiasme d\u2019accompagner \nles patients et leurs proches alors que se profile une r\u00e9volution \nth\u00e9rapeutique sans pr\u00e9c\u00e9dent en canc\u00e9rologie, qui donne une place encore\n plus importante aux soins de support pour un retour \u00e0 la vie courante.<\/em><\/p>\n\n\n\n<p class=\"has-text-align-center has-light-gray-color has-text-color has-background\" style=\"background-color: rgb(226, 9, 31); font-size: 18px; --darkreader-inline-bgcolor: #8F0719;\" data-darkreader-inline-bgcolor=\"\">N\u2019h\u00e9sitez pas \u00e0 nous joindre. Prenez soins de vous. <br><u>Mail:<\/u> <a href=\"mailto:jlachaud.choixvital@gmail.com?subject=HTML link\">jlachaud.choixvital@gmail.com<\/a><\/br><u>Tel :<\/u> 06 82 60 40 95<\/p>\n\n\n\n<figure class=\"wp-block-embed is-type-video is-provider-youtube wp-block-embed-youtube wp-embed-aspect-16-9 wp-has-aspect-ratio\"><div class=\"wp-block-embed__wrapper\">\n<span class=\"embed-youtube\" style=\"text-align:center; display: block;\"><iframe loading=\"lazy\" class=\"youtube-player\" src=\"https:\/\/web.archive.org\/web\/20220207194912if_\/https:\/\/www.youtube.com\/embed\/EP3AjdaH02o?version=3&amp;rel=1&amp;showsearch=0&amp;showinfo=1&amp;iv_load_policy=1&amp;fs=1&amp;hl=fr-FR&amp;autohide=2&amp;wmode=transparent\" allowfullscreen=\"true\" style=\"border: 0px none; --darkreader-inline-border-top: currentcolor; --darkreader-inline-border-right: currentcolor; --darkreader-inline-border-bottom: currentcolor; --darkreader-inline-border-left: currentcolor;\" sandbox=\"allow-scripts allow-same-origin allow-popups allow-presentation\" data-darkreader-inline-border-top=\"\" data-darkreader-inline-border-right=\"\" data-darkreader-inline-border-bottom=\"\" data-darkreader-inline-border-left=\"\" width=\"625\" height=\"352\"><\/iframe><\/span>\n<\/div><\/figure>\n\n\n\n<div class=\"wp-block-group\"><div class=\"wp-block-group__inner-container\">\n<h1 class=\"has-text-align-left has-text-color\" id=\"h-t-moignages\" style=\"color: rgb(11, 11, 75); font-size: 30px; --darkreader-inline-color: #cdc8c2;\" data-darkreader-inline-color=\"\"><strong><a href=\"https:\/\/web.archive.org\/web\/20220207194912\/https:\/\/www.choixvital.fr\/temoignages\/\">T\u00e9moignages<\/a><\/strong><\/h1>\n<\/div><\/div>\n\n\n\n<hr class=\"wp-block-separator\">\n\n\n\n<div class=\"wp-block-group\"><div class=\"wp-block-group__inner-container\">\n<p><\/p>\n<\/div><\/div>\n\n\n\n<p style=\"font-size:1px\"><strong>Lundi 4 mai 2020 de 18h \u00e0 20h<\/strong>, r\u00e9union anim\u00e9e par le Dr JL Guillet et le Dr P.Ezra<\/p>\n\n\n\n<p class=\"has-text-align-center\">Choix Vital a re\u00e7u en 2014 le label \u00ab&nbsp;RECONNUE D\u2019INT\u00c9R\u00caT G\u00c9N\u00c9RAL&nbsp;\u00bb<\/p>\n\t\t\t\t\t<\/div><!-- .entry-content --><\/header><\/article>\n<\/div>\n<\/div>\n","protected":false},"excerpt":{"rendered":"<p>Des groupes anim\u00e9s par des m\u00e9decins canc\u00e9rologues pour qui les mots vrais et l\u2019\u00e9coute attentive sont autant que les m\u00e9decins, les voies indispensables du mieux vivre et de la r\u00e9mission. La force de la parole : A nous tous de faire vivre ce devoir de parole. La parole non dite et ses cons\u00e9quences. La parole&hellip; <a class=\"more-link\" href=\"https:\/\/choixvital.fr\/\">Continue reading <span class=\"screen-reader-text\">index<\/span><\/a><\/p>\n","protected":false},"author":1,"featured_media":16,"parent":0,"menu_order":0,"comment_status":"closed","ping_status":"closed","template":"","meta":{"footnotes":""},"class_list":["post-5","page","type-page","status-publish","has-post-thumbnail","hentry","entry"],"_links":{"self":[{"href":"https:\/\/choixvital.fr\/index.php\/wp-json\/wp\/v2\/pages\/5","targetHints":{"allow":["GET"]}}],"collection":[{"href":"https:\/\/choixvital.fr\/index.php\/wp-json\/wp\/v2\/pages"}],"about":[{"href":"https:\/\/choixvital.fr\/index.php\/wp-json\/wp\/v2\/types\/page"}],"author":[{"embeddable":true,"href":"https:\/\/choixvital.fr\/index.php\/wp-json\/wp\/v2\/users\/1"}],"replies":[{"embeddable":true,"href":"https:\/\/choixvital.fr\/index.php\/wp-json\/wp\/v2\/comments?post=5"}],"version-history":[{"count":37,"href":"https:\/\/choixvital.fr\/index.php\/wp-json\/wp\/v2\/pages\/5\/revisions"}],"predecessor-version":[{"id":108,"href":"https:\/\/choixvital.fr\/index.php\/wp-json\/wp\/v2\/pages\/5\/revisions\/108"}],"wp:featuredmedia":[{"embeddable":true,"href":"https:\/\/choixvital.fr\/index.php\/wp-json\/wp\/v2\/media\/16"}],"wp:attachment":[{"href":"https:\/\/choixvital.fr\/index.php\/wp-json\/wp\/v2\/media?parent=5"}],"curies":[{"name":"wp","href":"https:\/\/api.w.org\/{rel}","templated":true}]}}