{"id":57,"date":"2022-07-24T17:41:40","date_gmt":"2022-07-24T15:41:40","guid":{"rendered":"http:\/\/choixvital.fr\/?page_id=57"},"modified":"2022-07-24T17:41:40","modified_gmt":"2022-07-24T15:41:40","slug":"actualites","status":"publish","type":"page","link":"https:\/\/choixvital.fr\/index.php\/actualites\/","title":{"rendered":"Actualit\u00e9s"},"content":{"rendered":"\n<h1 class=\"wp-block-heading\">ACTUALITES<\/h1>\n\n\n\n<p><strong>POURQUOI SOMMES NOUS SI FATIGU\u00c9S?<\/strong><\/p>\n\n\n\n<p><a href=\"https:\/\/radionotredame.net\/emissions\/enquetedesens\/16-10-2020\/?fbclid=IwAR36bWw-Ego7lmX8V7UA5iyx_ug6ljv60GDZPI8M4gKavfzTSesf5uK1dc0\">https:\/\/radionotredame.net\/emissions\/enquetedesens\/16-10-2020\/?fbclid=IwAR36bWw-Ego7lmX8V7UA5iyx_ug6ljv60GDZPI8M4gKavfzTSesf5uK1dc0<\/a><\/p>\n\n\n\n<figure class=\"wp-block-embed is-type-wp-embed is-provider-radio-notre-dame wp-block-embed-radio-notre-dame\"><div class=\"wp-block-embed__wrapper\">\n<blockquote class=\"wp-embedded-content\" data-secret=\"n1ZZYlNVUH\"><a href=\"https:\/\/radionotredame.net\/emissions\/enquetedesens\/16-10-2020\/\">\u00c9mission du 16 octobre 2020 : Pourquoi sommes nous si fatigu\u00e9s ?<\/a><\/blockquote><iframe loading=\"lazy\" class=\"wp-embedded-content\" sandbox=\"allow-scripts\" security=\"restricted\" style=\"position: absolute; clip: rect(1px, 1px, 1px, 1px);\" title=\"\u00ab\u00a0\u00c9mission du 16 octobre 2020 : Pourquoi sommes nous si fatigu\u00e9s ?\u00a0\u00bb &#8212; Radio Notre Dame\" src=\"https:\/\/radionotredame.net\/emissions\/enquetedesens\/16-10-2020\/embed\/#?secret=n1ZZYlNVUH\" data-secret=\"n1ZZYlNVUH\" width=\"600\" height=\"338\" frameborder=\"0\" marginwidth=\"0\" marginheight=\"0\" scrolling=\"no\"><\/iframe>\n<\/div><\/figure>\n\n\n\n<p><strong>Apr\u00e8s cancer : les voies de la gu\u00e9rison avec l\u2019association LE DAHU MONTAGNE ET ESCALAD<\/strong><\/p>\n\n\n\n<p><a href=\"https:\/\/sites.google.com\/site\/ledahumontagneetescalade\/apres-cancer-les-voies-de-la-guerison\">https:\/\/sites.google.com\/site\/ledahumontagneetescalade\/apres-cancer-les-voies-de-la-guerison<\/a><\/p>\n\n\n\n<p><strong>Octobre Rose 2020 : F\u00e9d\u00e9ration Nationale des M\u00e9decins Radiologues<\/strong><\/p>\n\n\n\n<p><strong>Le d\u00e9pistage organis\u00e9 du cancer du sein, c\u2019est une affaire de famille. F\u00e9d\u00e9ration Nationale des M\u00e9decins Radiologues (FNMR)<\/strong><\/p>\n\n\n\n<p><em>Dans le cadre d\u2019Octobre Rose, la&nbsp;FNMR(F\u00e9d\u00e9ration Nationale des M\u00e9decins Radiologues) participe tous les ans \u00e0 la pr\u00e9vention et au d\u00e9pistage du cancer du sein. En effet, les m\u00e9decins radiologues lib\u00e9raux sont au c\u0153ur du d\u00e9pistage. Cette ann\u00e9e, la FNMR met l\u2019accent sur la famille et plus particuli\u00e8rement la relation m\u00e8re-fille avec sa campagne&nbsp;:&nbsp;\u00ab&nbsp;Le d\u00e9pistage organis\u00e9 du cancer du sein, c\u2019est une affaire de famille&nbsp;!&nbsp;\u00bb&nbsp;car un examen clinique d\u00e8s l\u2019\u00e2ge de 25 ans et une mammographie entre 50 et 74 ans sont recommand\u00e9s pour d\u00e9couvrir un \u00e9ventuel cancer le plus t\u00f4t possible.<\/em><\/p>\n\n\n\n<p><a href=\"https:\/\/web.archive.org\/web\/20201029083153\/http:\/\/f\u00e9deration nationale des m\u00e9decins radiologues\/\">http:\/\/F\u00e9deration Nationale des M\u00e9decins Radiologues<\/a><\/p>\n","protected":false},"excerpt":{"rendered":"<p>ACTUALITES POURQUOI SOMMES NOUS SI FATIGU\u00c9S? https:\/\/radionotredame.net\/emissions\/enquetedesens\/16-10-2020\/?fbclid=IwAR36bWw-Ego7lmX8V7UA5iyx_ug6ljv60GDZPI8M4gKavfzTSesf5uK1dc0 Apr\u00e8s cancer : les voies de la gu\u00e9rison avec l\u2019association LE DAHU MONTAGNE ET ESCALAD https:\/\/sites.google.com\/site\/ledahumontagneetescalade\/apres-cancer-les-voies-de-la-guerison Octobre Rose 2020 : F\u00e9d\u00e9ration Nationale des M\u00e9decins Radiologues Le d\u00e9pistage organis\u00e9 du cancer du sein, c\u2019est une affaire de famille. F\u00e9d\u00e9ration Nationale des M\u00e9decins Radiologues (FNMR) Dans le cadre d\u2019Octobre Rose,&hellip; <a class=\"more-link\" href=\"https:\/\/choixvital.fr\/index.php\/actualites\/\">Continue reading <span class=\"screen-reader-text\">Actualit\u00e9s<\/span><\/a><\/p>\n","protected":false},"author":1,"featured_media":0,"parent":0,"menu_order":0,"comment_status":"closed","ping_status":"closed","template":"","meta":{"footnotes":""},"class_list":["post-57","page","type-page","status-publish","hentry","entry"],"_links":{"self":[{"href":"https:\/\/choixvital.fr\/index.php\/wp-json\/wp\/v2\/pages\/57","targetHints":{"allow":["GET"]}}],"collection":[{"href":"https:\/\/choixvital.fr\/index.php\/wp-json\/wp\/v2\/pages"}],"about":[{"href":"https:\/\/choixvital.fr\/index.php\/wp-json\/wp\/v2\/types\/page"}],"author":[{"embeddable":true,"href":"https:\/\/choixvital.fr\/index.php\/wp-json\/wp\/v2\/users\/1"}],"replies":[{"embeddable":true,"href":"https:\/\/choixvital.fr\/index.php\/wp-json\/wp\/v2\/comments?post=57"}],"version-history":[{"count":1,"href":"https:\/\/choixvital.fr\/index.php\/wp-json\/wp\/v2\/pages\/57\/revisions"}],"predecessor-version":[{"id":58,"href":"https:\/\/choixvital.fr\/index.php\/wp-json\/wp\/v2\/pages\/57\/revisions\/58"}],"wp:attachment":[{"href":"https:\/\/choixvital.fr\/index.php\/wp-json\/wp\/v2\/media?parent=57"}],"curies":[{"name":"wp","href":"https:\/\/api.w.org\/{rel}","templated":true}]}}